{"id":11,"date":"2025-08-31T09:38:00","date_gmt":"2025-08-31T08:38:00","guid":{"rendered":"https:\/\/urbanbeach.pt\/?page_id=11"},"modified":"2026-04-06T08:29:48","modified_gmt":"2026-04-06T07:29:48","slug":"home","status":"publish","type":"page","link":"https:\/\/urbanbeach.pt\/pt\/","title":{"rendered":"In\u00edcio"},"content":{"rendered":"<h1>Urban Beach<\/h1>\t\t\t\t\t\n\t\t\t<p>In Lisbon&#8217;s riverside nightlife scene, Urban Beach stands out with chic ambiance, signature drinks, and high-energy music &#8217;til dawn.<\/p>\t\t\n\t\t\t\t<a href=\"https:\/\/site.fourvenues.com\/pt\/k-urban-beach\" role=\"button\" target=\"_self\">\n\t\t\t\t\t\t\t\t\t\tVER OS NOSSOS EVENTOS\n\t\t\t\t\t\t\t\t\t<\/a>\n\t\t\tK URBAN BEACH LISBOA  \n\t\t\t\t\t\t<h2>a derradeira experi\u00eancia de vida nocturna em Lisboa<\/h2>\t\t\t\t\t\n<h3>\n\t\t\tDay &amp; Evening  &nbsp;17:00 &#8211; 24:00\t<\/h3>\n<figure itemscope itemtype=\"https:\/\/schema.org\/ImageObject\">\n\t\t\t\t<img decoding=\"async\" src=\"https:\/\/urbanbeach.pt\/wp-content\/uploads\/2025\/08\/urban-by-logo.png\" alt=\"urban-by-logo\" height=\"63\" width=\"203\" title=\"urbano-por-logotipo\" onerror=\"this.style.display='none'\" loading=\"lazy\" \/>\n\t<\/figure>\n<h3>\n\t\t\tNight time  &nbsp;23:00 &#8211; 06:00\t<\/h3>\n<figure itemscope itemtype=\"https:\/\/schema.org\/ImageObject\">\n\t\t\t\t<img decoding=\"async\" src=\"https:\/\/urbanbeach.pt\/wp-content\/uploads\/2025\/08\/k-urban-logo.png\" alt=\"k-urban-logo\" height=\"154\" width=\"212\" title=\"k-urban-logo\" onerror=\"this.style.display='none'\" loading=\"lazy\" \/>\n\t<\/figure>\n\t\t\t<a href=\"https:\/\/site.fourvenues.com\/pt\/k-urban-beach\" target=\"_self\" rel=\"noopener\">\n\t\t\t\t\t\t\tbilhetes\n\t\t\t<\/a>\n<h2>\n\t\t\tEvents &#038; Music\t<\/h2>\n\t<p>DJs ao vivo, festas de ver\u00e3o e eventos tem\u00e1ticos junto ao rio.<\/p>\n<h2>\n\t\t\tClub &#038; Nightlife\t<\/h2>\n\t<p>Dance toda a noite em salas elegantes com batidas vibrantes.<\/p>\n<h2>\n\t\t\tRelaxar no rio\t<\/h2>\n\t<p>Descontraia junto \u00e0 \u00e1gua com uma bebida na m\u00e3o e vistas deslumbrantes sobre o rio.<\/p>\n<h2>\n\t\t\tLOUNGES VIP\t<\/h2>\n\t<p>Reserve a sua mesa VIP para ter a melhor experi\u00eancia de festa num espa\u00e7o \u00fanico.<\/p>\n\t\t\tK URBAN BEACH LISBOA  \n\t\t\t\t\t\t<h2>Pr\u00f3ximos eventos<\/h2>\t\t\t\t\t\n\t\t\tK URBAN BEACH LISBOA  \n\t\t\t\t\t\t<h2>MEMORIES TO BE MADE&#8230;<\/h2>\t\t\t\t\t\n\t\t\t<p>Laughter, music, and golden hours by the river &#8211; every day at K Urban Beach Lisbon turns into a memory worth capturing.<\/p>\t\t\n\t\t\t\t<a href=\"https:\/\/www.fourvenues.com\/pt\/k-urban-beach\" role=\"button\" target=\"_self\">\n\t\t\t\t\t\t\t\t\t\tOBTER OS SEUS BILHETES\n\t\t\t\t\t\t\t\t\t<\/a>\n<figure itemscope itemtype=\"https:\/\/schema.org\/ImageObject\">\n\t\t\t\t<img decoding=\"async\" src=\"https:\/\/urbanbeach.pt\/wp-content\/uploads\/2025\/08\/viptables.png\" alt=\"viptables\" height=\"277\" width=\"580\" title=\"viptables\" onerror=\"this.style.display='none'\" loading=\"lazy\" \/>\n\t<\/figure>\n\t\t\tK URBAN BEACH LISBOA  \n\t\t\t\t\t\t<h2>Reservar uma mesa VIP<\/h2>\t\t\t\t\t\n\t\t\t<p>Reserve your VIP table and experience Lisbon nightlife at its finest. Enjoy prime seating, bottle service, and a dedicated team ensuring every detail is flawless. Perfect for birthdays, celebrations, or simply a night out with style &#8211; our VIP tables guarantee exclusivity and comfort.<\/p>\t\t\n\t\t\t\t<a href=\"https:\/\/api.whatsapp.com\/send\/?phone=351916268882\" role=\"button\" target=\"_self\">\n\t\t\t\t\t\t\t\t\t\tMAIS SOBRE AS MESAS VIP\n\t\t\t\t\t\t\t\t\t<\/a>\n\t\t\tK URBAN BEACH LISBOA  \n\t\t\t\t\t\t<h2>Perguntas mais frequentes<\/h2>\t\t\t\t\t\n<h3>\n\t\t\tReservations &#038; Visits\t<\/h3>\n\t\t\t\t\t\t<h5>Como posso efetuar uma reserva online?<\/h5>\n\t\t\t<p>Atrav\u00e9s da nossa plataforma de reservas Four Venues, aceda clicando no link dos bilhetes no nosso menu.\u00a0<\/p>\n\t\t\t\t\t\t<h5>Posso entrar sem reserva?<\/h5>\n\t\t\t<p>Sim. Os bilhetes podem ser comprados na porta. As mesas VIP est\u00e3o sujeitas \u00e0 disponibilidade.<\/p>\n\t\t\t\t\t\t<h5>As vendas de bilhetes s\u00e3o finais? <\/h5>\n\t\t\t<p>Todas as vendas de bilhetes s\u00e3o finais e n\u00e3o reembols\u00e1veis.<\/p>\n\t\t\t\t\t\t<h5>COMO RESERVAR BILHETES?<\/h5>\n\t\t\t<p>Through our booking platform FourVenues, get there by clicking the tickets link in our menu.<\/p>\n<h3>\n\t\t\tEventos E OUTROS\t<\/h3>\n\t\t\t\t\t\t<h5>Qual \u00e9 o hor\u00e1rio de funcionamento?<\/h5>\n\t\t\t<p>We are open every day from <strong>11:00 PM a 06:00 AM<\/strong>.<\/p>\n<p>As reservas est\u00e3o dispon\u00edveis 7 dias por semana.<\/p>\n\t\t\t\t\t\t<h5>qual \u00e9 o c\u00f3digo de vestu\u00e1rio?<\/h5>\n\t\t\t<p>O c\u00f3digo de vestu\u00e1rio \u00e9 Smart Casual, sendo necess\u00e1rio um vestu\u00e1rio adequado. Reservamo-nos o direito de n\u00e3o admitir clientes que n\u00e3o estejam a aderir ao c\u00f3digo de vestu\u00e1rio, e \u00e0 discri\u00e7\u00e3o dos nossos gestores.<\/p>\n\t\t\t\t\t\t<h5>Que tipo de m\u00fasica \u00e9 apresentada?<\/h5>\n\t\t\t<p>O nosso formato musical depende da noite da semana. Visite o nosso Calend\u00e1rio para obter informa\u00e7\u00f5es pormenorizadas sobre noites e eventos espec\u00edficos.<\/p>\n\t\t\t\t\t\t<h5>Existe um requisito de idade?<\/h5>\n\t\t\t<p>The venue is strictly 18+. Identification will be asked when entering the venue.\u00a0<\/p>\n\t\t\t<a href=\"\/pt\/contact\/\"  target=\"_self\">\n\t\t\t\t\t\t\tCONTACTE-NOS PARA MAIS QUEST\u00d5ES\n\t\t\t\t\t<\/a>","protected":false},"excerpt":{"rendered":"<p>Urban Beach In Lisbon&#8217;s riverside nightlife scene, Urban Beach stands out with chic ambiance, signature drinks, and high-energy music &#8217;til dawn. CHECK OUT OUR EVENTS K URBAN BEACH LISBON the ultimate\u00a0Lisbon nightlife\u00a0experience Day &amp; Evening &nbsp;17:00 &#8211; 24:00 Night time &nbsp;23:00 &#8211; 06:00 Get tickets Events &#038; Music Live DJs, summer parties, and themed events&hellip;<\/p>","protected":false},"author":1,"featured_media":0,"parent":0,"menu_order":0,"comment_status":"closed","ping_status":"closed","template":"","meta":{"_acf_changed":false,"footnotes":""},"class_list":["post-11","page","type-page","status-publish","hentry"],"acf":[],"_links":{"self":[{"href":"https:\/\/urbanbeach.pt\/pt\/wp-json\/wp\/v2\/pages\/11","targetHints":{"allow":["GET"]}}],"collection":[{"href":"https:\/\/urbanbeach.pt\/pt\/wp-json\/wp\/v2\/pages"}],"about":[{"href":"https:\/\/urbanbeach.pt\/pt\/wp-json\/wp\/v2\/types\/page"}],"author":[{"embeddable":true,"href":"https:\/\/urbanbeach.pt\/pt\/wp-json\/wp\/v2\/users\/1"}],"replies":[{"embeddable":true,"href":"https:\/\/urbanbeach.pt\/pt\/wp-json\/wp\/v2\/comments?post=11"}],"version-history":[{"count":11,"href":"https:\/\/urbanbeach.pt\/pt\/wp-json\/wp\/v2\/pages\/11\/revisions"}],"predecessor-version":[{"id":357,"href":"https:\/\/urbanbeach.pt\/pt\/wp-json\/wp\/v2\/pages\/11\/revisions\/357"}],"wp:attachment":[{"href":"https:\/\/urbanbeach.pt\/pt\/wp-json\/wp\/v2\/media?parent=11"}],"curies":[{"name":"wp","href":"https:\/\/api.w.org\/{rel}","templated":true}]}}