{"id":183,"date":"2025-09-01T13:09:48","date_gmt":"2025-09-01T12:09:48","guid":{"rendered":"https:\/\/urbanbeach.pt\/?page_id=183"},"modified":"2025-09-01T14:06:11","modified_gmt":"2025-09-01T13:06:11","slug":"vip-tables","status":"publish","type":"page","link":"https:\/\/urbanbeach.pt\/pt\/vip-tables\/","title":{"rendered":"Mesas VIP"},"content":{"rendered":"K URBAN BEACH LISBOA  \n\t\t\t\t\t\t<h1>Mesas VIP<\/h1>\t\t\t\t\t\n\t<p>By reserving a table, you enjoy premium seating with excellent views of the stage, exclusive service, and unparalleled comfort. Whether it&#8217;s for a romantic night, a special celebration, or an outing with friends, our reserved tables provide the perfect setting to enjoy every moment.<\/p>\n\t\t\t<a href=\"https:\/\/api.whatsapp.com\/send\/?phone=351916268882&#038;text&#038;type=phone_number&#038;app_absent=0\" target=\"_self\" rel=\"noopener\">\n\t\t\t\t\t\tCONTACTE-NOS ATRAV\u00c9S DO WHATSAPP\n\t\t\t\t\t<\/a>\n\t\t\t\t\t\t<h1>MAPA<\/h1>\t\t\t\t\t\n\t\t\t\t<a href=\"https:\/\/urbanbeach.pt\/wp-content\/uploads\/2025\/09\/viptable-map.jpg\" target=\"_self\" itemprop=\"url\">\n\t\t\t\t<img decoding=\"async\" src=\"https:\/\/urbanbeach.pt\/wp-content\/uploads\/2025\/09\/viptable-map.jpg\" alt=\"viptable-map\" itemprop=\"image\" height=\"803\" width=\"468\" title=\"mapa viptable\" onerror=\"this.style.display='none'\" loading=\"lazy\" \/>\n\t\t\t\t<\/a>\n\t\t\t\t\t\t<h1>\u00c1REAS<\/h1>\t\t\t\t\t\n\t\t\t\t<img decoding=\"async\" src=\"https:\/\/urbanbeach.pt\/wp-content\/uploads\/2025\/09\/DSC08265-7.jpg\" alt=\"DSC08265 7\" itemprop=\"image\" height=\"257\" width=\"256\" title=\"DSC08265 7\" onerror=\"this.style.display='none'\" loading=\"lazy\" \/>\n\t\t\t\t\t\t<h4>\u00c1REA VIP<\/h4>\t\t\t\t\t\n\t\t\t<p>Uma sec\u00e7\u00e3o exclusiva com 3 cabinas VIP privadas com lugares premium e acesso direto ao bar. Perfeito para celebra\u00e7\u00f5es de luxo ou para receber empresas.<strong>Capacidade:<\/strong> At\u00e9 25 convidados em 3 salas VIP.<br \/><strong>Vantagens:<\/strong> Servi\u00e7o de mesa privado, perto da cabina do DJ e da pista de dan\u00e7a principal, experi\u00eancia premium garantida.<\/p>\t\t\n\t\t\t\t<img decoding=\"async\" src=\"https:\/\/urbanbeach.pt\/wp-content\/uploads\/2025\/09\/B75A3558-2.jpg\" alt=\"B75A3558 2\" itemprop=\"image\" height=\"259\" width=\"256\" title=\"B75A3558 2\" onerror=\"this.style.display='none'\" loading=\"lazy\" \/>\n\t\t\t\t\t\t<h4>Zona Vermelha<\/h4>\t\t\t\t\t\n\t\t\t<p>Mesmo no cora\u00e7\u00e3o do recinto, perto do bar principal e das casas de banho, a RedZone \u00e9 ideal para grupos que querem estar no meio da a\u00e7\u00e3o.<strong>Capacidade:<\/strong> At\u00e9 30 convidados, distribu\u00eddos por 5 \u00e1reas sentadas.<br \/><strong>Vibra\u00e7\u00e3o:<\/strong> Alta energia, grande visibilidade, ligada \u00e0s zonas BOX e WONDER.<\/p>\t\t\n\t\t\t\t<img decoding=\"async\" src=\"https:\/\/urbanbeach.pt\/wp-content\/uploads\/2025\/09\/DSC08265-8.jpg\" alt=\"DSC08265 8\" itemprop=\"image\" height=\"256\" width=\"256\" title=\"DSC08265 8\" onerror=\"this.style.display='none'\" loading=\"lazy\" \/>\n\t\t\t\t\t\t<h4>espelho<\/h4>\t\t\t\t\t\n\t\t\t<p>Uma \u00e1rea elegante e com estilo, situada perto da pista de dan\u00e7a e do bar, que oferece um ambiente mais \u00edntimo. Ideal para pequenas reuni\u00f5es privadas ou momentos de cocktail sentados.<strong>Capacidade:<\/strong> At\u00e9 15 convidados em duas mesas.<strong>\u2028<br \/>Vibra\u00e7\u00e3o:<\/strong> Semi-privado, social, perfeito para conviver.<\/p>\t\t\n\t\t\t\t<img decoding=\"async\" src=\"https:\/\/urbanbeach.pt\/wp-content\/uploads\/2025\/09\/DSC08265-9.jpg\" alt=\"DSC08265 9\" itemprop=\"image\" height=\"261\" width=\"260\" title=\"DSC08265 9\" onerror=\"this.style.display='none'\" loading=\"lazy\" \/>\n\t\t\t\t\t\t<h4>ginbar<\/h4>\t\t\t\t\t\n\t\t\t<p>Um espa\u00e7o divertido e tem\u00e1tico concebido para os amantes do gin e dos cocktails. Situado entre a pista de dan\u00e7a e as \u00e1reas lounge, este espa\u00e7o \u00e9 um dos favoritos para anivers\u00e1rios ou eventos privados casuais.<strong>Capacidade:<\/strong> At\u00e9 20 convidados em 3 grupos de lugares sentados.<br \/><strong>Vantagens:<\/strong> Acesso r\u00e1pido ao bar, bebidas exclusivas e um ambiente animado.<\/p>\t\t\n\t\t\tK URBAN BEACH LISBOA  \n\t\t\t\t\t\t<h2>Pr\u00f3ximos eventos<\/h2>\t\t\t\t\t\n\t\t\tK URBAN BEACH LISBOA  \n\t\t\t\t\t\t<h2>MEMORIES TO BE MADE&#8230;<\/h2>\t\t\t\t\t\n\t\t\t<p>Laughter, music, and golden hours by the river &#8211; every day at K Urban Beach Lisbon turns into a memory worth capturing.<\/p>\t\t\n\t\t\t\t<a href=\"\" role=\"button\" target=\"_self\">\n\t\t\t\t\t\t\t\t\t\tOBTER OS SEUS BILHETES\n\t\t\t\t\t\t\t\t\t<\/a>\n\t\t\t\t<img decoding=\"async\" src=\"https:\/\/urbanbeach.pt\/wp-content\/uploads\/2025\/08\/viptables.png\" alt=\"viptables\" itemprop=\"image\" height=\"277\" width=\"580\" title=\"viptables\" onerror=\"this.style.display='none'\" loading=\"lazy\" \/>\n\t\t\tK URBAN BEACH LISBOA  \n\t\t\t\t\t\t<h2>Reservar uma mesa VIP<\/h2>\t\t\t\t\t\n\t\t\t<p>Reserve your VIP table and experience Lisbon nightlife at its finest. Enjoy prime seating, bottle service, and a dedicated team ensuring every detail is flawless. Perfect for birthdays, celebrations, or simply a night out with style &#8211; our VIP tables guarantee exclusivity and comfort.<\/p>\t\t\n\t\t\t\t<a href=\"\" role=\"button\" target=\"_self\">\n\t\t\t\t\t\t\t\t\t\tMAIS SOBRE AS MESAS VIP\n\t\t\t\t\t\t\t\t\t<\/a>\n\t\t\tK URBAN BEACH LISBOA  \n\t\t\t\t\t\t<h2>Perguntas mais frequentes<\/h2>\t\t\t\t\t\n<h3>\n\t\t\tReservations &#038; Visits\t<\/h3>\n\t\t\t\t\t\t<h5>Como posso efetuar uma reserva online?<\/h5>\n\t\t\t<p>O Lorem Ipsum \u00e9 simplesmente um texto fict\u00edcio da ind\u00fastria gr\u00e1fica e tipogr\u00e1fica.<\/p>\n\t\t\t\t\t\t<h5>Posso entrar sem reserva?<\/h5>\n\t\t\t\t\t\t<h5>Qual \u00e9 a vossa pol\u00edtica de cancelamento?<\/h5>\n\t\t\t<p>O Lorem Ipsum \u00e9 simplesmente um texto fict\u00edcio da ind\u00fastria gr\u00e1fica e tipogr\u00e1fica.<\/p>\n\t\t\t\t\t\t<h5>Posso reservar um espa\u00e7o para um EVENTO privado?<\/h5>\n\t\t\t\t\t\t<h5>COMO RESERVAR BILHETES?<\/h5>\n<h3>\n\t\t\tEventos E OUTROS\t<\/h3>\n\t\t\t\t\t\t<h5>Qual \u00e9 o hor\u00e1rio de funcionamento?<\/h5>\n\t\t\t<p>O Lorem Ipsum \u00e9 simplesmente um texto fict\u00edcio da ind\u00fastria gr\u00e1fica e tipogr\u00e1fica.<\/p>\n\t\t\t\t\t\t<h5>qual \u00e9 o c\u00f3digo de vestu\u00e1rio?<\/h5>\n\t\t\t\t\t\t<h5>Que tipo de m\u00fasica \u00e9 apresentada?<\/h5>\n\t\t\t<p>O Lorem Ipsum \u00e9 simplesmente um texto fict\u00edcio da ind\u00fastria gr\u00e1fica e tipogr\u00e1fica.<\/p>\n\t\t\t\t\t\t<h5>Existe um requisito de idade?<\/h5>\n\t\t\t\t\t\t<h5>Posso entrar sem reserva?<\/h5>\n\t\t\t<a href=\"\/pt\/contact\/\" target=\"_self\">\n\t\t\t\t\t\t\tCONTACTE-NOS PARA MAIS QUEST\u00d5ES\n\t\t\t\t\t<\/a>","protected":false},"excerpt":{"rendered":"<p>K URBAN BEACH LISBON VIP Tables By reserving a table, you enjoy premium seating with excellent views of the stage, exclusive service, and unparalleled comfort. Whether it&#8217;s for a romantic night, a special celebration, or an outing with friends, our reserved tables provide the perfect setting to enjoy every moment. CONTACT US THROUGH WHATSAPP MAP&hellip;<\/p>","protected":false},"author":1,"featured_media":0,"parent":0,"menu_order":0,"comment_status":"closed","ping_status":"closed","template":"","meta":{"_acf_changed":false,"footnotes":""},"class_list":["post-183","page","type-page","status-publish","hentry"],"acf":[],"_links":{"self":[{"href":"https:\/\/urbanbeach.pt\/pt\/wp-json\/wp\/v2\/pages\/183","targetHints":{"allow":["GET"]}}],"collection":[{"href":"https:\/\/urbanbeach.pt\/pt\/wp-json\/wp\/v2\/pages"}],"about":[{"href":"https:\/\/urbanbeach.pt\/pt\/wp-json\/wp\/v2\/types\/page"}],"author":[{"embeddable":true,"href":"https:\/\/urbanbeach.pt\/pt\/wp-json\/wp\/v2\/users\/1"}],"replies":[{"embeddable":true,"href":"https:\/\/urbanbeach.pt\/pt\/wp-json\/wp\/v2\/comments?post=183"}],"version-history":[{"count":7,"href":"https:\/\/urbanbeach.pt\/pt\/wp-json\/wp\/v2\/pages\/183\/revisions"}],"predecessor-version":[{"id":216,"href":"https:\/\/urbanbeach.pt\/pt\/wp-json\/wp\/v2\/pages\/183\/revisions\/216"}],"wp:attachment":[{"href":"https:\/\/urbanbeach.pt\/pt\/wp-json\/wp\/v2\/media?parent=183"}],"curies":[{"name":"wp","href":"https:\/\/api.w.org\/{rel}","templated":true}]}}