{"id":465,"date":"2026-04-30T04:45:59","date_gmt":"2026-04-30T03:45:59","guid":{"rendered":"https:\/\/urbanbeach.pt\/?page_id=465"},"modified":"2026-05-07T04:02:02","modified_gmt":"2026-05-07T03:02:02","slug":"book-vip","status":"publish","type":"page","link":"https:\/\/urbanbeach.pt\/pt\/book-vip\/","title":{"rendered":"RESERVAR MESA VIP"},"content":{"rendered":"<h1>RESERVE UMA MESA VIP<\/h1>\n\t\t\t\t\t\t<h2> A tua mesa. O teu espa\u00e7o. A tua noite.<\/h2>\t\t\t\t\t\n\t<p>Com servi\u00e7o dedicado, localiza\u00e7\u00e3o privilegiada e acesso total \u00e0 energia da pista de dan\u00e7a. Vive o K Urban Beach a partir do melhor lugar da casa.<\/p>\n\t\t\t<a href=\"https:\/\/api.whatsapp.com\/send\/?phone=351916268882&#038;text&#038;type=phone_number&#038;app_absent=0\" target=\"_self\" rel=\"noopener\">\n\t\t\t\t\t\tCONTACTE-NOS ATRAV\u00c9S DO WHATSAPP\n\t\t\t\t\t<\/a>\n\t\t\t<a href=\"https:\/\/www.instagram.com\/k_urban_beach\/\" target=\"_self\" rel=\"noopener\">\n\t\t\t\t\t\tContacte-nos atrav\u00e9s do instagram\n\t\t\t\t\t<\/a>\n\t\t\tESCOLHE O TEU LUGAR\n\t\t\t\t\t\t<h2>MAPA DO URBAN BEACH<\/h2>\t\t\t\t\t\n\t\t\t<p>Consumo m\u00ednimo aplic\u00e1vel apenas a garrafas.<br data-start=\"1555\" data-end=\"1558\" \/>Cada mesa inclui 7 lugares sentados, com capacidade m\u00e1xima para 12 pessoas.<\/p>\t\t\n<figure itemscope itemtype=\"https:\/\/schema.org\/ImageObject\">\n\t\t\t\t<a href=\"https:\/\/urbanbeach.pt\/wp-content\/uploads\/2026\/05\/mapa-geral-urban.png\" target=\"_self\" itemprop=\"url\">\n\t\t\t\t<img decoding=\"async\" src=\"https:\/\/urbanbeach.pt\/wp-content\/uploads\/2026\/05\/mapa-geral-urban.png\" alt=\"mapa geral urban\" height=\"1123\" width=\"1401\" title=\"mapa geral urban\" onerror=\"this.style.display='none'\" loading=\"lazy\" \/>\n\t\t\t\t<\/a>\n\t<\/figure>\n\t\t\t<a href=\"https:\/\/urbanbeach.pt\/wp-content\/uploads\/2026\/05\/MENU_VIP_TABLES.pdf\" target=\"_blank\" rel=\"noopener\">\n\t\t\t\t\t\t\tVER CARTA DE GARRAFAS\n\t\t\t\t\t<\/a>\n<figure itemscope itemtype=\"https:\/\/schema.org\/ImageObject\">\n\t\t\t\t<img decoding=\"async\" src=\"https:\/\/urbanbeach.pt\/wp-content\/uploads\/2026\/05\/DSC03373-1.jpg-scaled.jpeg\" alt=\"DSC03373 (1).jpg\" height=\"2560\" width=\"1707\" title=\"DSC03373 (1).jpg\" onerror=\"this.style.display='none'\" loading=\"lazy\" \/>\n\t<\/figure>\n\t<p>Our most premium experience. Includes the best positions in the venue &#8211; such as tables closest to the DJ booth &#8211; as well as larger setups designed for bigger groups.<\/p>\n\t<p><strong>At\u00e9 12 pessoas, com consumo m\u00ednimo de 800\u20ac<\/strong><\/p>\n<figure itemscope itemtype=\"https:\/\/schema.org\/ImageObject\">\n\t\t\t\t<img decoding=\"async\" src=\"https:\/\/urbanbeach.pt\/wp-content\/uploads\/2026\/05\/DSC06346.jpg-scaled.jpeg\" alt=\"DSC06346.jpg\" height=\"2560\" width=\"1707\" title=\"DSC06346.jpg\" onerror=\"this.style.display='none'\" loading=\"lazy\" \/>\n\t<\/figure>\n\t<p>Muito bem posicionada. O equil\u00edbrio ideal entre proximidade \u00e0 a\u00e7\u00e3o e conforto ao longo da noite.<\/p>\n\t<p><strong>At\u00e9 12 pessoas, com consumo m\u00ednimo de 600\u20ac<\/strong><\/p>\n<figure itemscope itemtype=\"https:\/\/schema.org\/ImageObject\">\n\t\t\t\t<img decoding=\"async\" src=\"https:\/\/urbanbeach.pt\/wp-content\/uploads\/2026\/05\/97-IMG_0683-1-1.jpg-scaled.jpeg\" alt=\"97-IMG_0683 (1) (1).jpg\" height=\"2560\" width=\"1707\" title=\"97-IMG_0683 (1) (1).jpg\" onerror=\"this.style.display='none'\" loading=\"lazy\" \/>\n\t<\/figure>\n\t<p>Uma excelente escolha. Bem localizada no espa\u00e7o, oferece uma \u00f3tima experi\u00eancia e ambiente.<\/p>\n\t<p><strong>At\u00e9 12 pessoas, com consumo m\u00ednimo de 500\u20ac<\/strong><\/p>\n<figure itemscope itemtype=\"https:\/\/schema.org\/ImageObject\">\n\t\t\t\t<img decoding=\"async\" src=\"https:\/\/urbanbeach.pt\/wp-content\/uploads\/2026\/05\/IMG_6857.jpg.jpeg\" alt=\"IMG_6857.jpg\" height=\"2048\" width=\"1365\" title=\"IMG_6857.jpg\" onerror=\"this.style.display='none'\" loading=\"lazy\" \/>\n\t<\/figure>\n\t<p>Localizada mais afastada da zona principal, sem deixar de proporcionar toda a experi\u00eancia da noite.<\/p>\n\t<p><strong>At\u00e9 6 pessoas, com consumo m\u00ednimo de 300\u20ac + 50\u20ac por cada pessoa adicional<\/strong><\/p>\n<figure itemscope itemtype=\"https:\/\/schema.org\/ImageObject\">\n\t\t\t\t<img decoding=\"async\" src=\"https:\/\/urbanbeach.pt\/wp-content\/uploads\/2026\/05\/IMG_6855.jpg.jpeg\" alt=\"IMG_6855.jpg\" height=\"2048\" width=\"1365\" title=\"IMG_6855.jpg\" onerror=\"this.style.display='none'\" loading=\"lazy\" \/>\n\t<\/figure>\n\t<p>Bem posicionada e ligada aos pontos-chave do espa\u00e7o. Localizada pr\u00f3xima das principais \u00e1reas, oferece um bom equil\u00edbrio entre energia e conforto.<\/p>\n\t<p><strong>At\u00e9 3 pessoas, com consumo m\u00ednimo de 150\u20ac + 50\u20ac por cada pessoa adicional<\/strong><\/p>\n\t\t\t<a href=\"https:\/\/api.whatsapp.com\/send\/?phone=351916268882&#038;text&#038;type=phone_number&#038;app_absent=0\" target=\"_self\" rel=\"noopener\">\n\t\t\t\t\t\tRESERVE A SUA MESA VIP VIA WHATSAPP\n\t\t\t\t\t<\/a>\n\t\t\tWHAT&#8217;S ON\n\t\t\t\t\t\t<h2>Pr\u00f3ximos eventos<\/h2>","protected":false},"excerpt":{"rendered":"<p>BOOK A VIP TABLE Your table. Your space. Your night. With dedicated service, prime positioning, and full access to the energy of the dancefloor. Experience K Urban Beach from the best seat in the house. CONTACT US THROUGH WHATSAPP Contact us Through instagram POSITION YOURSELF Urban Beach Map Minimum spend applies to bottles only.Each table&hellip;<\/p>","protected":false},"author":1,"featured_media":0,"parent":0,"menu_order":0,"comment_status":"closed","ping_status":"closed","template":"","meta":{"_acf_changed":false,"footnotes":""},"class_list":["post-465","page","type-page","status-publish","hentry"],"acf":[],"publishpress_future_action":{"enabled":false,"date":"2026-05-24 14:12:03","action":"change-status","newStatus":"draft","terms":[],"taxonomy":"","extraData":[]},"publishpress_future_workflow_manual_trigger":{"enabledWorkflows":[]},"_links":{"self":[{"href":"https:\/\/urbanbeach.pt\/pt\/wp-json\/wp\/v2\/pages\/465","targetHints":{"allow":["GET"]}}],"collection":[{"href":"https:\/\/urbanbeach.pt\/pt\/wp-json\/wp\/v2\/pages"}],"about":[{"href":"https:\/\/urbanbeach.pt\/pt\/wp-json\/wp\/v2\/types\/page"}],"author":[{"embeddable":true,"href":"https:\/\/urbanbeach.pt\/pt\/wp-json\/wp\/v2\/users\/1"}],"replies":[{"embeddable":true,"href":"https:\/\/urbanbeach.pt\/pt\/wp-json\/wp\/v2\/comments?post=465"}],"version-history":[{"count":6,"href":"https:\/\/urbanbeach.pt\/pt\/wp-json\/wp\/v2\/pages\/465\/revisions"}],"predecessor-version":[{"id":533,"href":"https:\/\/urbanbeach.pt\/pt\/wp-json\/wp\/v2\/pages\/465\/revisions\/533"}],"wp:attachment":[{"href":"https:\/\/urbanbeach.pt\/pt\/wp-json\/wp\/v2\/media?parent=465"}],"curies":[{"name":"wp","href":"https:\/\/api.w.org\/{rel}","templated":true}]}}